{"id":10140,"date":"2018-12-10T17:13:02","date_gmt":"2018-12-10T16:13:02","guid":{"rendered":"https:\/\/www.heydecker.it\/contatti\/"},"modified":"2025-03-21T12:10:42","modified_gmt":"2025-03-21T11:10:42","slug":"kontakte","status":"publish","type":"page","link":"https:\/\/www.heydecker.it\/de\/kontakte\/","title":{"rendered":"KONTAKTE"},"content":{"rendered":"[vc_row row_type=&#8220;row&#8220; text_align=&#8220;left&#8220; css_animation=&#8220;&#8220;][vc_column width=&#8220;1\/2&#8243;][vc_column_text]\n<h3 style=\"text-align: left;\"><strong>KONTAKTE UND ANSPRECHPARTNER<\/strong><\/h3>\n[\/vc_column_text][vc_empty_space height=&#8220;22px&#8220;][vc_column_text]<strong><span style=\"color: #000000;\">AMC Lodi srl<\/span><\/strong><\/p>\n<p><span style=\"color: #000000;\">Viale Rimembranze 35\/h &#8211; 26900 Lodi<\/span><br \/>\n<span style=\"color: #000000;\">Whatsapp: +39.333.28.111.08<\/span><br \/>\n<span style=\"color: #000000;\">Tel. +39.0371.43.63.50<\/span><br \/>\n<span style=\"color: #000000;\">Email:\u00a0<a style=\"color: #000000;\" href=\"mailto:info@heydecker.it\">info@heydecker.it<\/a><\/span><br \/>\n<span style=\"color: #000000;\">P.I. 08460540969<\/span>[\/vc_column_text][\/vc_column][vc_column width=&#8220;1\/2&#8243;][vc_gmaps link=&#8220;#E-8_JTNDaWZyYW1lJTIwc3JjJTNEJTIyaHR0cHMlM0ElMkYlMkZ3d3cuZ29vZ2xlLmNvbSUyRm1hcHMlMkZlbWJlZCUzRnBiJTNEJTIxMW0xOCUyMTFtMTIlMjExbTMlMjExZDU2MTIuMTYwNjkyMTM1NjE3JTIxMmQ5LjUwMzI1NTE3NjA5NTgwNiUyMTNkNDUuMzA2ODAyNTcxMDcxNzE0JTIxMm0zJTIxMWYwJTIxMmYwJTIxM2YwJTIxM20yJTIxMWkxMDI0JTIxMmk3NjglMjE0ZjEzLjElMjEzbTMlMjExbTIlMjExczB4NDc4MTJlOWQ3MTVkZTU0NyUyNTNBMHg3ZmFiOGQ3YTM0ZDY3OGVlJTIxMnNWaWFsZSUyNTIwUmltZW1icmFuemUlMjUyQyUyNTIwMzVoJTI1MkMlMjUyMDI2OTAwJTI1MjBMb2RpJTI1MjBMTyUyMTVlMCUyMTNtMiUyMTFzaXQlMjEyc2l0JTIxNHYxNzQwNjU1MTc1MzAyJTIxNW0yJTIxMXNpdCUyMTJzaXQlMjIlMjB3aWR0aCUzRCUyMjYwMCUyMiUyMGhlaWdodCUzRCUyMjQ1MCUyMiUyMHN0eWxlJTNEJTIyYm9yZGVyJTNBMCUzQiUyMiUyMGFsbG93ZnVsbHNjcmVlbiUzRCUyMiUyMiUyMGxvYWRpbmclM0QlMjJsYXp5JTIyJTIwcmVmZXJyZXJwb2xpY3klM0QlMjJuby1yZWZlcnJlci13aGVuLWRvd25ncmFkZSUyMiUzRSUzQyUyRmlmcmFtZSUzRQ==&#8220;][\/vc_column][\/vc_row][vc_row row_type=&#8220;section&#8220; type=&#8220;grid&#8220; text_align=&#8220;left&#8220; video=&#8220;&#8220; css=&#8220;.vc_custom_1705671346049{margin-top: 32px !important;}&#8220;][vc_column][vc_column_text]\n<h3 style=\"text-align: center;\"><strong><span style=\"color: #000000;\">ANFRAGE F\u00dcR INFORMATIONEN<\/span><\/strong><\/h3>\n[\/vc_column_text][vc_empty_space height=&#8220;12px&#8220;][vc_custom_heading text=&#8220;&#8220; font_container=&#8220;tag:h3|text_align:left|line_height:30px&#8220; use_theme_fonts=&#8220;yes&#8220; css=&#8220;.vc_custom_1705670763458{margin-bottom: 30px !important;}&#8220;][vc_column_text]\n<div class=\"wpcf7 no-js\" id=\"wpcf7-f10303-o1\" lang=\"it-IT\" dir=\"ltr\">\n<div class=\"screen-reader-response\"><p role=\"status\" aria-live=\"polite\" aria-atomic=\"true\"><\/p> <ul><\/ul><\/div>\n<form action=\"\/de\/wp-json\/wp\/v2\/pages\/10140#wpcf7-f10303-o1\" method=\"post\" class=\"wpcf7-form init cf7-style monochrome-light\" aria-label=\"Modulo di contatto\" novalidate=\"novalidate\" data-status=\"init\">\n<div style=\"display: none;\">\n<input type=\"hidden\" name=\"_wpcf7\" value=\"10303\" \/>\n<input type=\"hidden\" name=\"_wpcf7_version\" value=\"5.8.7\" \/>\n<input type=\"hidden\" name=\"_wpcf7_locale\" value=\"it_IT\" \/>\n<input type=\"hidden\" name=\"_wpcf7_unit_tag\" value=\"wpcf7-f10303-o1\" \/>\n<input type=\"hidden\" name=\"_wpcf7_container_post\" value=\"0\" \/>\n<input type=\"hidden\" name=\"_wpcf7_posted_data_hash\" value=\"\" \/>\n<input type=\"hidden\" name=\"_wpcf7_recaptcha_response\" value=\"\" \/>\n<\/div>\n<p><label> Vorname (*)<br \/>\n<span class=\"wpcf7-form-control-wrap\" data-name=\"your-name\"><input size=\"40\" class=\"wpcf7-form-control wpcf7-text wpcf7-validates-as-required\" id=\"cf7_name\" aria-required=\"true\" aria-invalid=\"false\" value=\"\" type=\"text\" name=\"your-name\" \/><\/span> <\/label>\n<\/p>\n<p><label> Nachname (*)<br \/>\n<span class=\"wpcf7-form-control-wrap\" data-name=\"cognome\"><input size=\"40\" class=\"wpcf7-form-control wpcf7-text wpcf7-validates-as-required\" id=\"cf7_surname\" aria-required=\"true\" aria-invalid=\"false\" value=\"\" type=\"text\" name=\"cognome\" \/><\/span> <\/label>\n<\/p>\n<p><label> Email (*)<br \/>\n<span class=\"wpcf7-form-control-wrap\" data-name=\"your-email\"><input size=\"40\" class=\"wpcf7-form-control wpcf7-email wpcf7-validates-as-required wpcf7-text wpcf7-validates-as-email\" id=\"cf7_email\" aria-required=\"true\" aria-invalid=\"false\" value=\"\" type=\"email\" name=\"your-email\" \/><\/span> <\/label>\n<\/p>\n<p><label> Telefon<br \/>\n<span class=\"wpcf7-form-control-wrap\" data-name=\"telefono\"><input size=\"40\" class=\"wpcf7-form-control wpcf7-text wpcf7-validates-as-required\" aria-required=\"true\" aria-invalid=\"false\" value=\"\" type=\"text\" name=\"telefono\" \/><\/span> <\/label>\n<\/p>\n<p><label> Betreff<br \/>\n<span class=\"wpcf7-form-control-wrap\" data-name=\"your-subject\"><input size=\"40\" class=\"wpcf7-form-control wpcf7-text\" aria-invalid=\"false\" value=\"\" type=\"text\" name=\"your-subject\" \/><\/span> <\/label>\n<\/p>\n<p><label> Nachricht<br \/>\n<span class=\"wpcf7-form-control-wrap\" data-name=\"your-message\"><textarea cols=\"40\" rows=\"10\" class=\"wpcf7-form-control wpcf7-textarea\" id=\"cf7_message\" aria-invalid=\"false\" name=\"your-message\"><\/textarea><\/span> <\/label>\n<\/p>\n<p><span class=\"wpcf7-form-control-wrap\" data-name=\"trattamento\"><span class=\"wpcf7-form-control wpcf7-acceptance\"><span class=\"wpcf7-list-item\"><label><input type=\"checkbox\" name=\"trattamento\" value=\"1\" aria-invalid=\"false\" \/><span class=\"wpcf7-list-item-label\">Mit dem Absenden des Formulars stimme ich der Verarbeitung meiner Daten gem\u00e4\u00df der auf dem Portal einsehbaren Datenschutzerkl\u00e4rung zu.<\/span><\/label><\/span><\/span><\/span>\n<\/p>\n<span class=\"wpcf7-form-control-wrap recaptcha\" data-name=\"recaptcha\"><span data-sitekey=\"6LcAxPsqAAAAAJlih1wN3DH9NCz8wzpOHdQ8TJeq\" class=\"wpcf7-form-control wpcf7-recaptcha g-recaptcha recaspazio\"><\/span>\r\n<noscript>\r\n\t<div class=\"grecaptcha-noscript\">\r\n\t\t<iframe loading=\"lazy\" src=\"https:\/\/www.google.com\/recaptcha\/api\/fallback?k=6LcAxPsqAAAAAJlih1wN3DH9NCz8wzpOHdQ8TJeq\" frameborder=\"0\" scrolling=\"no\" width=\"310\" height=\"430\">\r\n\t\t<\/iframe>\r\n\t\t<textarea name=\"g-recaptcha-response\" rows=\"3\" cols=\"40\" placeholder=\"reCaptcha Response Here\">\r\n\t\t<\/textarea>\r\n\t<\/div>\r\n<\/noscript>\r\n<\/span>\n<p><input class=\"wpcf7-form-control wpcf7-submit has-spinner\" id=\"cf7_submit\" type=\"submit\" value=\"Senden\" \/>\n<\/p><div class=\"wpcf7-response-output\" aria-hidden=\"true\"><\/div>\n<\/form>\n<\/div>\n[\/vc_column_text][vc_empty_space height=&#8220;100px&#8220;][\/vc_column][\/vc_row]\n","protected":false},"excerpt":{"rendered":"<p>[vc_row row_type=&#8220;row&#8220; text_align=&#8220;left&#8220; css_animation=&#8220;&#8220;][vc_column width=&#8220;1\/2&#8243;][vc_column_text] KONTAKTE UND ANSPRECHPARTNER [\/vc_column_text][vc_empty_space height=&#8220;22px&#8220;][vc_column_text]AMC Lodi srl Viale Rimembranze 35\/h &#8211; 26900 Lodi Whatsapp: +39.333.28.111.08 Tel&#8230;.<\/p>\n","protected":false},"author":1,"featured_media":0,"parent":0,"menu_order":0,"comment_status":"closed","ping_status":"closed","template":"","meta":{"footnotes":""},"_links":{"self":[{"href":"https:\/\/www.heydecker.it\/de\/wp-json\/wp\/v2\/pages\/10140"}],"collection":[{"href":"https:\/\/www.heydecker.it\/de\/wp-json\/wp\/v2\/pages"}],"about":[{"href":"https:\/\/www.heydecker.it\/de\/wp-json\/wp\/v2\/types\/page"}],"author":[{"embeddable":true,"href":"https:\/\/www.heydecker.it\/de\/wp-json\/wp\/v2\/users\/1"}],"replies":[{"embeddable":true,"href":"https:\/\/www.heydecker.it\/de\/wp-json\/wp\/v2\/comments?post=10140"}],"version-history":[{"count":5,"href":"https:\/\/www.heydecker.it\/de\/wp-json\/wp\/v2\/pages\/10140\/revisions"}],"predecessor-version":[{"id":10304,"href":"https:\/\/www.heydecker.it\/de\/wp-json\/wp\/v2\/pages\/10140\/revisions\/10304"}],"wp:attachment":[{"href":"https:\/\/www.heydecker.it\/de\/wp-json\/wp\/v2\/media?parent=10140"}],"curies":[{"name":"wp","href":"https:\/\/api.w.org\/{rel}","templated":true}]}}