{"id":10115,"date":"2018-10-30T11:16:04","date_gmt":"2018-10-30T10:16:04","guid":{"rendered":"https:\/\/www.heydecker.it\/servizi-e-settori-di-attivita\/traduzioni\/"},"modified":"2025-03-12T10:31:40","modified_gmt":"2025-03-12T09:31:40","slug":"uebersetzungen","status":"publish","type":"page","link":"https:\/\/www.heydecker.it\/de\/dienstleistungen-und-wirtschaftszweige\/uebersetzungen\/","title":{"rendered":"\u00dcBERSETZUNGEN"},"content":{"rendered":"[vc_row row_type=&#8220;row&#8220; text_align=&#8220;left&#8220; css_animation=&#8220;&#8220;][vc_column][vc_column_text]\n<div align=\"justify\">\n<h3 style=\"color: #054f74; text-align: left;\"><strong><span style=\"color: #000000;\">SPRACHKOMBINATIONEN<\/span><\/strong><\/h3>\n<\/div>\n[\/vc_column_text][vc_empty_space height=&#8220;12px&#8220;][vc_column_text]\n<div align=\"justify\">\n<div class=\"fs13 ff2\" style=\"text-align: justify;\">\n<p><span style=\"color: #000000;\"><strong>UNSER \u00dcBERSETZUNGSB\u00dcRO ARBEITET MIT DEN BESTEN \u00dcBERSETZERN AUF DEM ITALIENISCHEN UND INTERNATIONALEM MARKT ZUSAMMEN.<\/strong><\/span><\/p>\n<p><span style=\"color: #000000;\">Aus diesem Grund sind wir in der Lage, hochwertige \u00dcbersetzungen anzubieten, die stets von einem Muttersprachler in allen Sprachkombinationen durchgef\u00fchrt werden.<\/span><\/p>\n<p><span style=\"color: #000000;\"><strong>Einige Beispiele:<\/strong><\/span><\/p>\n<p><span style=\"color: #000000;\">Englisch<\/span><br \/>\n<span style=\"color: #000000;\">Bulgarisch<\/span><br \/>\n<span style=\"color: #000000;\">D\u00e4nisch<\/span><br \/>\n<span style=\"color: #000000;\">Arabisch<\/span><br \/>\n<span style=\"color: #000000;\">Albanisch<\/span><br \/>\n<span style=\"color: #000000;\">Chinesisch<\/span><br \/>\n<span style=\"color: #000000;\">Deutsch<\/span><br \/>\n<span style=\"color: #000000;\">Niederl\u00e4ndisch<\/span><br \/>\n<span style=\"color: #000000;\">Spanisch<\/span><br \/>\n<span style=\"color: #000000;\">Polnisch<\/span><br \/>\n<span style=\"color: #000000;\">Franz\u00f6sisch<\/span><br \/>\n<span style=\"color: #000000;\">Ungarisch<\/span><br \/>\n<span style=\"color: #000000;\">Portugiesisch<\/span><br \/>\n<span style=\"color: #000000;\">Russisch<\/span><br \/>\n<span style=\"color: #000000;\">Schwedisch<\/span><\/p>\n<\/div>\n<p>&nbsp;<\/p>\n<\/div>\n[\/vc_column_text][vc_empty_space height=&#8220;100px&#8220;][\/vc_column][\/vc_row]\n","protected":false},"excerpt":{"rendered":"<p>[vc_row row_type=&#8220;row&#8220; text_align=&#8220;left&#8220; css_animation=&#8220;&#8220;][vc_column][vc_column_text] SPRACHKOMBINATIONEN [\/vc_column_text][vc_empty_space height=&#8220;12px&#8220;][vc_column_text] UNSER \u00dcBERSETZUNGSB\u00dcRO ARBEITET MIT DEN BESTEN \u00dcBERSETZERN AUF DEM ITALIENISCHEN UND INTERNATIONALEM MARKT ZUSAMMEN&#8230;.<\/p>\n","protected":false},"author":1,"featured_media":0,"parent":10099,"menu_order":0,"comment_status":"closed","ping_status":"closed","template":"","meta":{"footnotes":""},"_links":{"self":[{"href":"https:\/\/www.heydecker.it\/de\/wp-json\/wp\/v2\/pages\/10115"}],"collection":[{"href":"https:\/\/www.heydecker.it\/de\/wp-json\/wp\/v2\/pages"}],"about":[{"href":"https:\/\/www.heydecker.it\/de\/wp-json\/wp\/v2\/types\/page"}],"author":[{"embeddable":true,"href":"https:\/\/www.heydecker.it\/de\/wp-json\/wp\/v2\/users\/1"}],"replies":[{"embeddable":true,"href":"https:\/\/www.heydecker.it\/de\/wp-json\/wp\/v2\/comments?post=10115"}],"version-history":[{"count":6,"href":"https:\/\/www.heydecker.it\/de\/wp-json\/wp\/v2\/pages\/10115\/revisions"}],"predecessor-version":[{"id":10275,"href":"https:\/\/www.heydecker.it\/de\/wp-json\/wp\/v2\/pages\/10115\/revisions\/10275"}],"up":[{"embeddable":true,"href":"https:\/\/www.heydecker.it\/de\/wp-json\/wp\/v2\/pages\/10099"}],"wp:attachment":[{"href":"https:\/\/www.heydecker.it\/de\/wp-json\/wp\/v2\/media?parent=10115"}],"curies":[{"name":"wp","href":"https:\/\/api.w.org\/{rel}","templated":true}]}}