{"id":10103,"date":"2025-02-25T10:21:51","date_gmt":"2025-02-25T09:21:51","guid":{"rendered":"https:\/\/www.heydecker.it\/servizi-e-settori-di-attivita\/contatti-con-lestero\/"},"modified":"2025-03-11T15:31:52","modified_gmt":"2025-03-11T14:31:52","slug":"kontakte-mit-dem-ausland","status":"publish","type":"page","link":"https:\/\/www.heydecker.it\/de\/dienstleistungen-und-wirtschaftszweige\/kontakte-mit-dem-ausland\/","title":{"rendered":"KONTAKTE MIT DEM AUSLAND"},"content":{"rendered":"[vc_row row_type=&#8220;row&#8220; text_align=&#8220;left&#8220; css_animation=&#8220;&#8220;][vc_column][vc_column_text]\n<div align=\"justify\">\n<h3 style=\"color: #054f74; text-align: left;\"><span style=\"color: #000000;\"><strong>KONTAKTE MIT DEM AUSLAND<\/strong><\/span><\/h3>\n<\/div>\n[\/vc_column_text][vc_empty_space height=&#8220;12px&#8220;][vc_column_text]\n<div align=\"justify\">\n<div class=\"fs13 ff2\" style=\"text-align: justify;\">\n<p data-start=\"43\" data-end=\"216\"><strong>Wir suchen f\u00fcr Sie neue Kontakte und Kunden im Ausland.<\/strong><br data-start=\"99\" data-end=\"102\" \/>Wir bieten Ihnen maximale Unterst\u00fctzung, besonders f\u00fcr deutschsprachige L\u00e4nder, Deutschland, \u00d6sterreich, Schweiz.<\/p>\n<p data-start=\"218\" data-end=\"304\">Unterst\u00fctzung und Unternehmensberatung bis zum Abschluss eines Kooperationsvertrags.<\/p>\n<\/div>\n<p>&nbsp;<\/p>\n<\/div>\n[\/vc_column_text][vc_empty_space height=&#8220;100px&#8220;][\/vc_column][\/vc_row]\n","protected":false},"excerpt":{"rendered":"<p>[vc_row row_type=&#8220;row&#8220; text_align=&#8220;left&#8220; css_animation=&#8220;&#8220;][vc_column][vc_column_text] KONTAKTE MIT DEM AUSLAND [\/vc_column_text][vc_empty_space height=&#8220;12px&#8220;][vc_column_text] Wir suchen f\u00fcr Sie neue Kontakte und Kunden im Ausland.Wir bieten&#8230;<\/p>\n","protected":false},"author":1,"featured_media":0,"parent":10099,"menu_order":0,"comment_status":"closed","ping_status":"closed","template":"","meta":{"footnotes":""},"_links":{"self":[{"href":"https:\/\/www.heydecker.it\/de\/wp-json\/wp\/v2\/pages\/10103"}],"collection":[{"href":"https:\/\/www.heydecker.it\/de\/wp-json\/wp\/v2\/pages"}],"about":[{"href":"https:\/\/www.heydecker.it\/de\/wp-json\/wp\/v2\/types\/page"}],"author":[{"embeddable":true,"href":"https:\/\/www.heydecker.it\/de\/wp-json\/wp\/v2\/users\/1"}],"replies":[{"embeddable":true,"href":"https:\/\/www.heydecker.it\/de\/wp-json\/wp\/v2\/comments?post=10103"}],"version-history":[{"count":4,"href":"https:\/\/www.heydecker.it\/de\/wp-json\/wp\/v2\/pages\/10103\/revisions"}],"predecessor-version":[{"id":10248,"href":"https:\/\/www.heydecker.it\/de\/wp-json\/wp\/v2\/pages\/10103\/revisions\/10248"}],"up":[{"embeddable":true,"href":"https:\/\/www.heydecker.it\/de\/wp-json\/wp\/v2\/pages\/10099"}],"wp:attachment":[{"href":"https:\/\/www.heydecker.it\/de\/wp-json\/wp\/v2\/media?parent=10103"}],"curies":[{"name":"wp","href":"https:\/\/api.w.org\/{rel}","templated":true}]}}