{"id":10095,"date":"2025-03-05T09:15:05","date_gmt":"2025-03-05T08:15:05","guid":{"rendered":"https:\/\/www.heydecker.it\/lo-staff\/"},"modified":"2025-03-20T11:28:18","modified_gmt":"2025-03-20T10:28:18","slug":"das-team","status":"publish","type":"page","link":"https:\/\/www.heydecker.it\/de\/das-team\/","title":{"rendered":"DAS TEAM"},"content":{"rendered":"[vc_row row_type=&#8220;row&#8220; text_align=&#8220;left&#8220; css_animation=&#8220;&#8220;][vc_column][vc_column_text]\n<div align=\"justify\">\n<h3 style=\"color: #054f74; text-align: left;\"><span style=\"color: #000000;\"><strong>\u00a0 DAS TEAM<\/strong><\/span><\/h3>\n<\/div>\n[\/vc_column_text][\/vc_column][\/vc_row][vc_row row_type=&#8220;row&#8220; text_align=&#8220;left&#8220; css_animation=&#8220;&#8220;][vc_column css=&#8220;.vc_custom_1740479574951{margin-right: 40px !important;margin-left: 20px !important;}&#8220;][vc_column_text css=&#8220;.vc_custom_1742466491232{margin-right: 40px !important;}&#8220;]<span style=\"color: #000000;\"><strong>UNSERE KOLLEGEN<\/strong><\/span><\/p>\n<p><span style=\"color: #000000;\"><strong>Wir k\u00f6nnen auf ein breites Netzwerk von Muttersprachlern zur\u00fcckgreifen, die auf verschiedene Fachgebiete spezialisiert sind.<\/strong> Alle verf\u00fcgen \u00fcber eine solide Grundausbildung und arbeiten in perfektem Einklang mit unseren Zielen hinsichtlich Qualit\u00e4t, Pr\u00e4zision und P\u00fcnktlichkeit.<\/span><br \/>\n<span style=\"color: #000000;\">Die meisten von ihnen sind als \u00dcbersetzer und Dolmetscher im Sachverst\u00e4ndigen- und Expertenverzeichnis der Industrie- und Handelskammer oder beim zust\u00e4ndigen Gericht eingetragen.<\/span><\/p>\n<p><span style=\"color: #000000;\"><strong>ARBEITSMETHODEN<\/strong><\/span><\/p>\n<p><span style=\"color: #000000;\"><strong>Die Arbeitsweise der A.M.C. Lodi srl basiert auf der genauen Kenntnis der Ziele des Kunden<\/strong>. Daraufhin entwickeln wir ein starkes Engagement, um diese innerhalb der vereinbarten Fristen zu realisieren. F\u00fcr jedes Projekt w\u00e4hlen wir den geeignetsten Experten aus: sowohl den \u00dcbersetzer als auch den Dolmetscher.<\/span><\/p>\n<p><span style=\"color: #000000;\">F\u00fcr jedes Fachgebiet oder jeden Kunden wird eine Datenbank erstellt, um ein Glossar der verwendeten Fachbegriffe zu entwickeln.<\/span><br \/>\n<span style=\"color: #000000;\">Dies gew\u00e4hrleistet gro\u00dfe Sicherheit f\u00fcr den Kunden und f\u00fcr unsere Arbeit.<\/span>[\/vc_column_text][\/vc_column][\/vc_row]\n","protected":false},"excerpt":{"rendered":"<p>[vc_row row_type=&#8220;row&#8220; text_align=&#8220;left&#8220; css_animation=&#8220;&#8220;][vc_column][vc_column_text] \u00a0 DAS TEAM [\/vc_column_text][\/vc_column][\/vc_row][vc_row row_type=&#8220;row&#8220; text_align=&#8220;left&#8220; css_animation=&#8220;&#8220;][vc_column css=&#8220;.vc_custom_1740479574951{margin-right: 40px !important;margin-left: 20px !important;}&#8220;][vc_column_text css=&#8220;.vc_custom_1742466491232{margin-right: 40px !important;}&#8220;]UNSERE KOLLEGEN Wir&#8230;<\/p>\n","protected":false},"author":1,"featured_media":0,"parent":0,"menu_order":0,"comment_status":"closed","ping_status":"closed","template":"","meta":{"footnotes":""},"_links":{"self":[{"href":"https:\/\/www.heydecker.it\/de\/wp-json\/wp\/v2\/pages\/10095"}],"collection":[{"href":"https:\/\/www.heydecker.it\/de\/wp-json\/wp\/v2\/pages"}],"about":[{"href":"https:\/\/www.heydecker.it\/de\/wp-json\/wp\/v2\/types\/page"}],"author":[{"embeddable":true,"href":"https:\/\/www.heydecker.it\/de\/wp-json\/wp\/v2\/users\/1"}],"replies":[{"embeddable":true,"href":"https:\/\/www.heydecker.it\/de\/wp-json\/wp\/v2\/comments?post=10095"}],"version-history":[{"count":5,"href":"https:\/\/www.heydecker.it\/de\/wp-json\/wp\/v2\/pages\/10095\/revisions"}],"predecessor-version":[{"id":10299,"href":"https:\/\/www.heydecker.it\/de\/wp-json\/wp\/v2\/pages\/10095\/revisions\/10299"}],"wp:attachment":[{"href":"https:\/\/www.heydecker.it\/de\/wp-json\/wp\/v2\/media?parent=10095"}],"curies":[{"name":"wp","href":"https:\/\/api.w.org\/{rel}","templated":true}]}}