{"id":10084,"date":"2024-01-19T14:58:10","date_gmt":"2024-01-19T13:58:10","guid":{"rendered":"https:\/\/www.heydecker.it\/documenti-tradotti\/"},"modified":"2025-03-11T11:29:08","modified_gmt":"2025-03-11T10:29:08","slug":"uebersetzte-dokumente","status":"publish","type":"page","link":"https:\/\/www.heydecker.it\/de\/uebersetzte-dokumente\/","title":{"rendered":"\u00dcBERSETZTE DOKUMENTE"},"content":{"rendered":"[vc_row row_type=&#8220;row&#8220; text_align=&#8220;left&#8220; css_animation=&#8220;&#8220;][vc_column css=&#8220;.vc_custom_1741254188656{margin-right: 40px !important;margin-left: 20px !important;}&#8220;][vc_column_text]\n<div align=\"justify\">\n<h3 style=\"color: #054f74; text-align: left;\"><span style=\"color: #000000;\"><strong>\u00dcBERSETZTE DOKUMENTE<\/strong><\/span><\/h3>\n<\/div>\n[\/vc_column_text][\/vc_column][\/vc_row][vc_row row_type=&#8220;row&#8220; text_align=&#8220;left&#8220; css_animation=&#8220;&#8220;][vc_column css=&#8220;.vc_custom_1741254099493{margin-right: 40px !important;margin-left: 20px !important;}&#8220;][vc_column_text css=&#8220;.vc_custom_1741688887224{margin-right: 40px !important;}&#8220;]<span style=\"color: #000000;\"><strong>Nachfolgend finden Sie eine Liste einiger Dokumente, an denen wir arbeiten, die in allen Sprachkombinationen verf\u00fcgbar sind:<\/strong><\/span><\/p>\n<ul>\n<li><span style=\"color: #000000;\"><strong>Strafregister- und Lastschriftbescheinigungen<\/strong>: Bescheinigungen, die aus einem \u00f6ffentlichen Register entnommen werden und etwaige strafrechtliche und zivilrechtliche Vorstrafen aufzeigen.<\/span><\/li>\n<li><span style=\"color: #000000;\"><strong>Bildungsnachweise<\/strong>: Diplome und Studienabschl\u00fcsse, die nach Abschluss eines Bildungs- oder Ausbildungsweges verliehen werden.<\/span><\/li>\n<li><span style=\"color: #000000;\"><strong>\u00c4rztliche Bescheinigungen<\/strong>: Bescheinigungen, die von \u00c4rzten ausgestellt werden, die im \u00c4rzteverzeichnis eingetragen sind, um den Gesundheitszustand eines Patienten zu best\u00e4tigen oder medizinische Behandlungen und Untersuchungen zu verordnen.<\/span><\/li>\n<li><span style=\"color: #000000;\"><strong>Meldebescheinigungen<\/strong>: Bescheinigungen, die von den kommunalen Beh\u00f6rden ausgestellt werden und den Wohnsitz eines B\u00fcrgers best\u00e4tigen.<\/span><\/li>\n<li><span style=\"color: #000000;\"><strong>Fahrzeugzulassung oder -brief<\/strong>: Das Identit\u00e4tsdokument f\u00fcr jedes Fahrzeug, das immer an Bord mitgef\u00fchrt und den zust\u00e4ndigen Beh\u00f6rden auf Anfrage vorgelegt werden muss.<\/span><\/li>\n<li><span style=\"color: #000000;\"><strong>F\u00fchrerschein<\/strong>: Eine beh\u00f6rdliche Erlaubnis, die notwendig ist, um ein Fahrzeug zu f\u00fchren.<\/span><\/li>\n<li><span style=\"color: #000000;\"><strong>Gebrauchsanweisungen, Wartungs-, Reinigungs- und Bedienungsanleitungen<\/strong>: Technische Ver\u00f6ffentlichungen, die alle Informationen f\u00fcr den ordnungsgem\u00e4\u00dfen Gebrauch von Maschinen und Werkzeugen enthalten.<\/span><\/li>\n<li><span style=\"color: #000000;\"><strong>Vertr\u00e4ge<\/strong>: Eine rechtliche Vereinbarung zwischen zwei oder mehreren Parteien.<\/span><\/li>\n<li><span style=\"color: #000000;\"><strong>Handelskammer<\/strong>: Eine lokale \u00f6ffentliche Institution, die allgemeine Funktionen im Interesse des Unternehmenssystems \u00fcbernimmt und Zertifikate \u00fcber die Gr\u00fcndung und Registrierung von Unternehmen ausstellt.<\/span><\/li>\n<li><span style=\"color: #000000;\"><strong>Pressemitteilungen<\/strong>: Texte, die von einem Unternehmen verfasst werden, um das Personal oder die \u00d6ffentlichkeit offiziell zu informieren.<\/span><\/li>\n<li><span style=\"color: #000000;\"><strong>Dokumente f\u00fcr die Staatsb\u00fcrgerschaft<\/strong>: Dokumente, die erforderlich sind, um das Recht auf Staatsb\u00fcrgerschaft in einem anderen Land zu erwerben.<\/span><\/li>\n<li><span style=\"color: #000000;\"><strong>Vollmachten und Vertretungsbefugnisse<\/strong>: Dokumente, durch die eine Person einer anderen das Recht \u00fcbertr\u00e4gt, in ihrem Namen rechtliche Handlungen vorzunehmen.<\/span><\/li>\n<li><span style=\"color: #000000;\"><strong>Geburts-, Heirats- und Sterbeurkunden<\/strong>: Dokumente, die von den Standes\u00e4mtern ausgestellt werden und Informationen zur Person und ihrem Status enthalten.<\/span><\/li>\n<li><span style=\"color: #000000;\"><strong>Reisepass<\/strong>: Ein formelles Identifikationsdokument, das den Tr\u00e4ger als Staatsb\u00fcrger eines Landes ausweist und es ihm erm\u00f6glicht, in ein anderes Land einzureisen.<\/span><\/li>\n<li><span style=\"color: #000000;\"><strong>Aufenthaltserlaubnis<\/strong>: Eine Genehmigung, die von der Polizei des Staates an Nicht-EU-B\u00fcrger ausgestellt wird, um ihren Aufenthalt im Land zu erm\u00f6glichen.<\/span><\/li>\n<li><span style=\"color: #000000;\"><strong>Scheidungsurteil<\/strong>: Ein rechtlich g\u00fcltiges Dokument, das die Aufl\u00f6sung einer Ehe best\u00e4tigt.<\/span><\/li>\n<li><span style=\"color: #000000;\"><strong>INPS<\/strong>: Erkl\u00e4rungen \u00fcber die Beitragssituationen der B\u00fcrger und Rentner der Italienischen Republik.<\/span><\/li>\n<li><span style=\"color: #000000;\"><strong>Versammlungsprotokolle<\/strong>: Ein offizielles Schriftst\u00fcck, das aufzeichnet, was w\u00e4hrend einer Versammlung gesagt wurde.<\/span><\/li>\n<li><span style=\"color: #000000;\"><strong>Jahresabschl\u00fcsse<\/strong>: Eine Sammlung von Buchhaltungsdokumenten, die jedes Unternehmen regelm\u00e4\u00dfig erstellen muss, um seine finanzielle und wirtschaftliche Lage zu \u00fcberpr\u00fcfen.<\/span><\/li>\n<li><span style=\"color: #000000;\"><strong>CUD<\/strong>: Eine einheitliche Bescheinigung der Eink\u00fcnfte von Angestellten und Rentnern der Italienischen Republik.<\/span><\/li>\n<li><span style=\"color: #000000;\"><strong>\u00d6ffentliche Erkl\u00e4rung<\/strong>: Ein \u00f6ffentliches Dokument, bei dem eine Person eine Aussage vor Zeugen macht.<\/span><\/li>\n<li><span style=\"color: #000000;\"><strong>Personalausweis<\/strong>: Ein pers\u00f6nliches Identifikationsdokument, das von der Gemeindeverwaltung des Wohnsitzes ausgestellt wird und die pers\u00f6nlichen Daten sowie andere Elemente zur Identifikation des Inhabers enth\u00e4lt.<\/span><\/li>\n<li><span style=\"color: #000000;\"><strong>Fahrzeugverschrottung<\/strong>: Best\u00e4tigt die Verschrottung eines Fahrzeugs und die L\u00f6schung der Fahrgestellnummer aus dem Fahrzeugregister (PRA).<\/span><\/li>\n<li><span style=\"color: #000000;\"><strong>Protokolle der Carabinieri<\/strong>: Eine Bescheinigung \u00fcber eine Handlung, die gegen geltende Vorschriften verst\u00f6\u00dft, die die Fakten darstellt und die administrative oder strafrechtliche Strafe festlegt.<\/span><\/li>\n<li><span style=\"color: #000000;\"><strong>Kaufvertr\u00e4ge<\/strong>: Rechtlich anerkannte Vertr\u00e4ge, durch die das Eigentum von einem Verk\u00e4ufer auf einen K\u00e4ufer \u00fcbertragen wird.<\/span><\/li>\n<li><span style=\"color: #000000;\"><strong>Technische Datenbl\u00e4tter<\/strong>: Dokumente, die schematische Darstellungen und Beschreibungen eines Produkts enthalten, um es f\u00fcr eine bestimmte Funktion geeignet zu machen.<\/span><\/li>\n<\/ul>\n[\/vc_column_text][vc_empty_space][\/vc_column][\/vc_row][vc_row row_type=&#8220;row&#8220; text_align=&#8220;left&#8220; css_animation=&#8220;&#8220;][vc_column][\/vc_column][\/vc_row]\n","protected":false},"excerpt":{"rendered":"<p>[vc_row row_type=&#8220;row&#8220; text_align=&#8220;left&#8220; css_animation=&#8220;&#8220;][vc_column css=&#8220;.vc_custom_1741254188656{margin-right: 40px !important;margin-left: 20px !important;}&#8220;][vc_column_text] \u00dcBERSETZTE DOKUMENTE [\/vc_column_text][\/vc_column][\/vc_row][vc_row row_type=&#8220;row&#8220; text_align=&#8220;left&#8220; css_animation=&#8220;&#8220;][vc_column css=&#8220;.vc_custom_1741254099493{margin-right: 40px !important;margin-left: 20px !important;}&#8220;][vc_column_text css=&#8220;.vc_custom_1741688887224{margin-right:&#8230;<\/p>\n","protected":false},"author":1,"featured_media":0,"parent":0,"menu_order":0,"comment_status":"closed","ping_status":"closed","template":"","meta":{"footnotes":""},"_links":{"self":[{"href":"https:\/\/www.heydecker.it\/de\/wp-json\/wp\/v2\/pages\/10084"}],"collection":[{"href":"https:\/\/www.heydecker.it\/de\/wp-json\/wp\/v2\/pages"}],"about":[{"href":"https:\/\/www.heydecker.it\/de\/wp-json\/wp\/v2\/types\/page"}],"author":[{"embeddable":true,"href":"https:\/\/www.heydecker.it\/de\/wp-json\/wp\/v2\/users\/1"}],"replies":[{"embeddable":true,"href":"https:\/\/www.heydecker.it\/de\/wp-json\/wp\/v2\/comments?post=10084"}],"version-history":[{"count":3,"href":"https:\/\/www.heydecker.it\/de\/wp-json\/wp\/v2\/pages\/10084\/revisions"}],"predecessor-version":[{"id":10193,"href":"https:\/\/www.heydecker.it\/de\/wp-json\/wp\/v2\/pages\/10084\/revisions\/10193"}],"wp:attachment":[{"href":"https:\/\/www.heydecker.it\/de\/wp-json\/wp\/v2\/media?parent=10084"}],"curies":[{"name":"wp","href":"https:\/\/api.w.org\/{rel}","templated":true}]}}