{"id":10057,"date":"2025-02-25T10:27:03","date_gmt":"2025-02-25T09:27:03","guid":{"rendered":"https:\/\/www.heydecker.it\/chi-siamo\/"},"modified":"2025-03-12T10:35:42","modified_gmt":"2025-03-12T09:35:42","slug":"wer-wir-sind","status":"publish","type":"page","link":"https:\/\/www.heydecker.it\/de\/wer-wir-sind\/","title":{"rendered":"WER WIR SIND"},"content":{"rendered":"[vc_row row_type=&#8220;row&#8220; text_align=&#8220;left&#8220; css_animation=&#8220;&#8220;][vc_column][vc_column_text]\n<div align=\"justify\">\n<h3 style=\"color: #054f74; text-align: left;\"><span style=\"color: #000000;\"><strong>\u00a0 \u00a0WER WIR SIND<\/strong><\/span><\/h3>\n<\/div>\n[\/vc_column_text][\/vc_column][\/vc_row][vc_row row_type=&#8220;row&#8220; text_align=&#8220;left&#8220; css_animation=&#8220;&#8220;][vc_column css=&#8220;.vc_custom_1740479574951{margin-right: 40px !important;margin-left: 20px !important;}&#8220;][vc_column_text css=&#8220;.vc_custom_1741703365103{margin-right: 40px !important;}&#8220;]\n<div align=\"justify\">\n<p><span style=\"color: #000000;\"><strong>AMC Lodi Srl ist eine hochqualifizierte<\/strong> und angesehene Dienstleistungsagentur im Bereich der technischen und beglaubigten juristischen \u00dcbersetzungen, die sich auf folgende Ressourcen st\u00fctzt:<\/span><\/p>\n<ul>\n<li><span style=\"color: #000000;\">Muttersprachliche Spezialisten f\u00fcr jedes technische Thema.<\/span><\/li>\n<li><span style=\"color: #000000;\">Trados\u00ae zur Optimierung der Dokumentenverwaltung.<\/span><\/li>\n<\/ul>\n<p><span style=\"color: #000000;\"><strong>SCHWERPUNKT<\/strong><\/span><\/p>\n<p><span style=\"color: #000000;\"><strong>Eine langj\u00e4hrige Erfahrung von 30 Jahren erm\u00f6glicht es AMC, italienischen und europ\u00e4ischen Unternehmen einen \u00dcbersetzungsservice von Muttersprachlern f\u00fcr jede Sprachkombination anzubieten.<\/strong> Dabei wird ein echtes Preis-Leistungs-Verh\u00e4ltnis gew\u00e4hrleistet, das auf der kommerziellen Strategie basiert, die seit jeher auf Qualit\u00e4t, Effizienz und Zuverl\u00e4ssigkeit setzt, auch bei der Bearbeitung von Texten f\u00fcr Handb\u00fccher, rechtliche Dokumente, Ausschreibungen, kommerzielle Angebote und vieles mehr.<\/span><\/p>\n<p><span style=\"color: #000000;\">Alle Dokumente k\u00f6nnen au\u00dferdem vor einem italienischen Gericht beglaubigt und vereidigt werden, um die erforderliche rechtliche G\u00fcltigkeit zu erhalten, sowie mit Apostille oder bei jedem Konsulat\/Botschaft in Rom legalisiert werden, um ihre G\u00fcltigkeit im Ausland zu erweitern.<\/span><\/p>\n<\/div>\n[\/vc_column_text][\/vc_column][\/vc_row]\n","protected":false},"excerpt":{"rendered":"<p>[vc_row row_type=&#8220;row&#8220; text_align=&#8220;left&#8220; css_animation=&#8220;&#8220;][vc_column][vc_column_text] \u00a0 \u00a0WER WIR SIND [\/vc_column_text][\/vc_column][\/vc_row][vc_row row_type=&#8220;row&#8220; text_align=&#8220;left&#8220; css_animation=&#8220;&#8220;][vc_column css=&#8220;.vc_custom_1740479574951{margin-right: 40px !important;margin-left: 20px !important;}&#8220;][vc_column_text css=&#8220;.vc_custom_1741703365103{margin-right: 40px !important;}&#8220;] AMC&#8230;<\/p>\n","protected":false},"author":1,"featured_media":0,"parent":0,"menu_order":0,"comment_status":"closed","ping_status":"closed","template":"","meta":{"footnotes":""},"_links":{"self":[{"href":"https:\/\/www.heydecker.it\/de\/wp-json\/wp\/v2\/pages\/10057"}],"collection":[{"href":"https:\/\/www.heydecker.it\/de\/wp-json\/wp\/v2\/pages"}],"about":[{"href":"https:\/\/www.heydecker.it\/de\/wp-json\/wp\/v2\/types\/page"}],"author":[{"embeddable":true,"href":"https:\/\/www.heydecker.it\/de\/wp-json\/wp\/v2\/users\/1"}],"replies":[{"embeddable":true,"href":"https:\/\/www.heydecker.it\/de\/wp-json\/wp\/v2\/comments?post=10057"}],"version-history":[{"count":5,"href":"https:\/\/www.heydecker.it\/de\/wp-json\/wp\/v2\/pages\/10057\/revisions"}],"predecessor-version":[{"id":10276,"href":"https:\/\/www.heydecker.it\/de\/wp-json\/wp\/v2\/pages\/10057\/revisions\/10276"}],"wp:attachment":[{"href":"https:\/\/www.heydecker.it\/de\/wp-json\/wp\/v2\/media?parent=10057"}],"curies":[{"name":"wp","href":"https:\/\/api.w.org\/{rel}","templated":true}]}}