{"id":10049,"date":"2024-11-25T11:54:47","date_gmt":"2024-11-25T10:54:47","guid":{"rendered":"https:\/\/www.heydecker.it\/home-1\/"},"modified":"2025-03-21T11:53:56","modified_gmt":"2025-03-21T10:53:56","slug":"home-1","status":"publish","type":"page","link":"https:\/\/www.heydecker.it\/de\/","title":{"rendered":"Home 1"},"content":{"rendered":"[vc_row row_type=&#8220;section&#8220; type=&#8220;grid&#8220; text_align=&#8220;left&#8220; video=&#8220;&#8220; background_color=&#8220;#ffffff&#8220; padding_top=&#8220;60&#8243;][vc_column][vc_empty_space height=&#8220;30px&#8220;][vc_row_inner row_type=&#8220;row&#8220; text_align=&#8220;left&#8220; css_animation=&#8220;&#8220;][vc_column_inner width=&#8220;1\/3&#8243; css=&#8220;.vc_custom_1741254811548{padding-right: 10px !important;}&#8220;][vc_single_image image=&#8220;9432&#8243; img_size=&#8220;100&#215;100&#8243; alignment=&#8220;center&#8220; onclick=&#8220;custom_link&#8220; css=&#8220;.vc_custom_1740730744939{border-top-width: 1px !important;border-right-width: 1px !important;border-bottom-width: 1px !important;border-left-width: 1px !important;padding-top: 5px !important;padding-bottom: 5px !important;background-position: center !important;background-repeat: no-repeat !important;background-size: cover !important;border-left-color: #000000 !important;border-left-style: solid !important;border-right-color: #000000 !important;border-right-style: solid !important;border-top-color: #000000 !important;border-top-style: solid !important;border-bottom-color: #000000 !important;border-bottom-style: solid !important;border-radius: 1px !important;}&#8220; link=&#8220;https:\/\/www.heydecker.it\/de\/qualitaetsgarantie\/&#8220;][vc_column_text css=&#8220;.vc_custom_1741690482864{background-color: #01cfad !important;background-position: center !important;background-repeat: no-repeat !important;background-size: cover !important;}&#8220;]\n<h4 style=\"text-align: center;\"><span style=\"color: #ffffff;\"><a style=\"color: #ffffff;\" href=\"https:\/\/www.heydecker.it\/prodotti\/\"><strong>GARANTIE UND QUALIT\u00c4T<\/strong><\/a><\/span><\/h4>\n[\/vc_column_text][vc_column_text]\n<p style=\"text-align: justify;\">Strenge Auswahl von Muttersprachlern als \u00dcbersetzer. Strenger Auswahltest. Erstellung von mehrsprachigen GLOSSAREN in einer Datenbank f\u00fcr jeden einzelnen Kunden und Sektor.<\/p>\n[\/vc_column_text][\/vc_column_inner][vc_column_inner width=&#8220;1\/3&#8243;][vc_single_image image=&#8220;9483&#8243; img_size=&#8220;100&#215;100&#8243; alignment=&#8220;center&#8220; onclick=&#8220;custom_link&#8220; css=&#8220;.vc_custom_1740730522281{border-top-width: 1px !important;border-right-width: 1px !important;border-bottom-width: 1px !important;border-left-width: 1px !important;padding-top: 5px !important;padding-bottom: 5px !important;background-position: center !important;background-repeat: no-repeat !important;background-size: cover !important;border-left-color: #000000 !important;border-left-style: solid !important;border-right-color: #000000 !important;border-right-style: solid !important;border-top-color: #000000 !important;border-top-style: solid !important;border-bottom-color: #000000 !important;border-bottom-style: solid !important;border-radius: 1px !important;}&#8220; link=&#8220;https:\/\/www.heydecker.it\/de\/qualitaetsgarantie\/&#8220;][vc_column_text css=&#8220;.vc_custom_1741690294192{background-color: #01cfad !important;background-position: center !important;background-repeat: no-repeat !important;background-size: cover !important;}&#8220;]\n<h4 style=\"text-align: center;\"><span style=\"color: #ffffff;\"><a style=\"color: #ffffff;\" href=\"https:\/\/www.heydecker.it\/prodotti\/\"><strong>P\u00dcNKTLICHKEIT<\/strong><\/a><\/span><\/h4>\n<h4 style=\"text-align: center;\"><\/h4>\n[\/vc_column_text][vc_column_text]\n<p style=\"text-align: justify;\">Es ist unsere St\u00e4rke. Wir vereinbaren mit dem Kunden die erforderlichen Arbeitstage, um die Arbeit mit Kompetenz abzuschlie\u00dfen.<\/p>\n[\/vc_column_text][\/vc_column_inner][vc_column_inner width=&#8220;1\/3&#8243;][vc_single_image image=&#8220;9437&#8243; img_size=&#8220;100&#215;100&#8243; alignment=&#8220;center&#8220; onclick=&#8220;custom_link&#8220; img_link_target=&#8220;_blank&#8220; css=&#8220;.vc_custom_1740730537977{border-top-width: 1px !important;border-right-width: 1px !important;border-bottom-width: 1px !important;border-left-width: 1px !important;padding-top: 5px !important;padding-bottom: 5px !important;background-position: center !important;background-repeat: no-repeat !important;background-size: cover !important;border-left-color: #000000 !important;border-left-style: solid !important;border-right-color: #000000 !important;border-right-style: solid !important;border-top-color: #000000 !important;border-top-style: solid !important;border-bottom-color: #000000 !important;border-bottom-style: solid !important;border-radius: 1px !important;}&#8220; link=&#8220;https:\/\/www.heydecker.it\/de\/qualitaetsgarantie\/&#8220;][vc_column_text css=&#8220;.vc_custom_1741690323920{background-color: #01cfad !important;background-position: center !important;background-repeat: no-repeat !important;background-size: cover !important;}&#8220;]\n<h4 style=\"text-align: center;\"><span style=\"color: #ffffff;\"><a style=\"color: #ffffff;\" href=\"https:\/\/www.heydecker.it\/wp-content\/uploads\/2024\/01\/Presentazione-Aziendale-MI-TO.pdf\" target=\"_blank\" rel=\"noopener\"><strong>VERTRAULICHKEIT<\/strong><\/a><\/span><\/h4>\n[\/vc_column_text][vc_column_text]\n<p style=\"text-align: justify;\"><span style=\"color: #000000;\">Wir garantieren die h\u00f6chste Vertraulichkeit der Informationen, die wir w\u00e4hrend der Ausf\u00fchrung der Arbeit erfahren.<\/span><\/p>\n[\/vc_column_text][\/vc_column_inner][\/vc_row_inner][\/vc_column][\/vc_row][vc_row row_type=&#8220;section&#8220; type=&#8220;grid&#8220; text_align=&#8220;left&#8220; video=&#8220;&#8220; background_color=&#8220;#ffffff&#8220; padding_top=&#8220;50&#8243; padding_bottom=&#8220;50&#8243;][vc_column width=&#8220;1\/2&#8243;][vc_empty_space height=&#8220;18px&#8220;][vc_row_inner row_type=&#8220;row&#8220; text_align=&#8220;center&#8220; css_animation=&#8220;element_from_left&#8220;][vc_column_inner][vc_single_image image=&#8220;9595&#8243; img_size=&#8220;full&#8220; alignment=&#8220;center&#8220; onclick=&#8220;custom_link&#8220; link=&#8220;https:\/\/www.heydecker.it\/de\/das-team\/&#8220; css=&#8220;.vc_custom_1741703701858{background-color: #f6f6f6 !important;}&#8220;][\/vc_column_inner][\/vc_row_inner][\/vc_column][vc_column width=&#8220;1\/2&#8243;][vc_row_inner row_type=&#8220;row&#8220; text_align=&#8220;left&#8220; css_animation=&#8220;&#8220;][vc_column_inner][vc_empty_space height=&#8220;20px&#8220;][vc_column_text]\n<h2><span style=\"color: #00c0a3;\"><strong>Wer wir sind<\/strong><\/span><\/h2>\n[\/vc_column_text][vc_column_text]\n<p style=\"text-align: justify;\"><span style=\"color: #000000;\">Das B\u00fcro AMC Lodi besch\u00e4ftigt sich mit: technischen \u00dcbersetzungen, wissenschaftlichen \u00dcbersetzungen und didaktischen \u00dcbersetzungen.<\/span><\/p>\n<p style=\"text-align: left;\"><span style=\"color: #000000;\">Dank 30 Jahren Erfahrung kann AMC italienischen und europ\u00e4ischen Unternehmen einen \u00dcbersetzungsservice von Muttersprachenspezialisten f\u00fcr jedes einzelne Thema in jeder Sprachkombination anbieten<\/span>.<\/p>\n[\/vc_column_text][vc_empty_space height=&#8220;10px&#8220;]<a href=\"https:\/\/www.heydecker.it\/de\/wer-wir-sind\/\" target=\"_self\" class=\"qbutton  tiny\" style=\"background-color: #00c0a3; border: 1px solid #752196; \">Erfahren Sie mehr<i class=\"fa fa-angle-right fa-lg\" style=\"\"><\/i><\/a>[\/vc_column_inner][\/vc_row_inner][\/vc_column][\/vc_row][vc_row row_type=&#8220;row&#8220; text_align=&#8220;left&#8220; css_animation=&#8220;&#8220; css=&#8220;.vc_custom_1734597892848{margin-right: 20px !important;margin-left: 20px !important;}&#8220;][vc_column][vc_empty_space height=&#8220;20px&#8220;][vc_row_inner row_type=&#8220;row&#8220; text_align=&#8220;left&#8220; css_animation=&#8220;&#8220;][vc_column_inner width=&#8220;1\/3&#8243;][vc_single_image image=&#8220;9485&#8243; img_size=&#8220;100&#215;100&#8243; alignment=&#8220;center&#8220; onclick=&#8220;custom_link&#8220; css=&#8220;.vc_custom_1740731160430{border-top-width: 1px !important;border-right-width: 1px !important;border-bottom-width: 1px !important;border-left-width: 1px !important;padding-top: 5px !important;padding-bottom: 5px !important;background-position: center !important;background-repeat: no-repeat !important;background-size: cover !important;border-left-color: #000000 !important;border-left-style: solid !important;border-right-color: #000000 !important;border-right-style: solid !important;border-top-color: #000000 !important;border-top-style: solid !important;border-bottom-color: #000000 !important;border-bottom-style: solid !important;border-radius: 1px !important;}&#8220; link=&#8220;https:\/\/www.heydecker.it\/traduzioni\/&#8220;][vc_column_text css=&#8220;.vc_custom_1741690544680{background-color: #01cfad !important;background-position: center !important;background-repeat: no-repeat !important;background-size: cover !important;}&#8220;]\n<h4 style=\"text-align: center;\"><span style=\"color: #ffffff;\"><strong>\u00dcBERSETZUNGEN UND SPRACHEN<\/strong><\/span><\/h4>\n[\/vc_column_text][vc_column_text]\n<p style=\"text-align: justify;\"><span style=\"color: #000000;\">Der \u00dcbersetzer, der den Text und\/oder das Dokument \u00fcbersetzt hat, schw\u00f6rt beim zust\u00e4ndigen Gericht, dass er den ihm anvertrauten Text treu \u00fcbersetzt hat.<\/span><\/p>\n[\/vc_column_text][vc_empty_space]<a href=\"https:\/\/www.heydecker.it\/de\/dienstleistungen-und-wirtschaftszweige\/uebersetzungen\/\" target=\"_self\" class=\"qbutton  tiny\" style=\"background-color: #00c0a3; border: 1px solid #752196; \">Erfahren Sie mehr<i class=\"fa fa-angle-right fa-lg\" style=\"\"><\/i><\/a>[vc_empty_space][\/vc_column_inner][vc_column_inner width=&#8220;1\/3&#8243;][vc_single_image image=&#8220;9423&#8243; img_size=&#8220;100&#215;100&#8243; alignment=&#8220;center&#8220; css=&#8220;.vc_custom_1740731051554{border-top-width: 1px !important;border-right-width: 1px !important;border-bottom-width: 1px !important;border-left-width: 1px !important;padding-top: 5px !important;padding-bottom: 5px !important;background-position: center !important;background-repeat: no-repeat !important;background-size: cover !important;border-left-color: #000000 !important;border-left-style: solid !important;border-right-color: #000000 !important;border-right-style: solid !important;border-top-color: #000000 !important;border-top-style: solid !important;border-bottom-color: #000000 !important;border-bottom-style: solid !important;border-radius: 1px !important;}&#8220;][vc_column_text css=&#8220;.vc_custom_1741702693894{background-color: #01cfad !important;background-position: center !important;background-repeat: no-repeat !important;background-size: cover !important;}&#8220;]\n<h4 style=\"text-align: center;\"><span style=\"color: #ffffff;\"><strong>KONTAKTE IM AUSLAND<\/strong><\/span><\/h4>\n[\/vc_column_text][vc_column_text]\n<p style=\"text-align: justify;\"><span style=\"color: #000000;\">Wir suchen f\u00fcr Sie neue Kontakte und Kunden im Ausland und bieten insbesondere Unterst\u00fctzung f\u00fcr die deutschsprachigen L\u00e4nder <strong>DEUTSCHLAND, \u00d6STERREICH, SCHWEIZ<\/strong>.<\/span><\/p>\n[\/vc_column_text][vc_empty_space]<a href=\"https:\/\/www.heydecker.it\/de\/dienstleistungen-und-wirtschaftszweige\/kontakte-mit-dem-ausland\/\" target=\"_self\" class=\"qbutton  tiny\" style=\"background-color: #00c0a3; border: 1px solid #752196; \">Erfahren Sie mehr<i class=\"fa fa-angle-right fa-lg\" style=\"\"><\/i><\/a>[vc_empty_space][\/vc_column_inner][vc_column_inner width=&#8220;1\/3&#8243;][vc_single_image image=&#8220;9424&#8243; img_size=&#8220;100&#215;100&#8243; alignment=&#8220;center&#8220; css=&#8220;.vc_custom_1740731058209{border-top-width: 1px !important;border-right-width: 1px !important;border-bottom-width: 1px !important;border-left-width: 1px !important;padding-top: 5px !important;padding-bottom: 5px !important;background-position: center !important;background-repeat: no-repeat !important;background-size: cover !important;border-left-color: #000000 !important;border-left-style: solid !important;border-right-color: #000000 !important;border-right-style: solid !important;border-top-color: #000000 !important;border-top-style: solid !important;border-bottom-color: #000000 !important;border-bottom-style: solid !important;border-radius: 1px !important;}&#8220;][vc_column_text css=&#8220;.vc_custom_1741690653184{background-color: #01cfad !important;background-position: center !important;background-repeat: no-repeat !important;background-size: cover !important;}&#8220;]\n<h4 style=\"text-align: center;\"><span style=\"color: #ffffff;\"><strong>LEGALISIERUNGEN<\/strong><\/span><\/h4>\n[\/vc_column_text][vc_column_text]\n<p style=\"text-align: justify;\"><span style=\"color: #000000;\">Die Apostille ist ein Verfahren zur Legalisierung eines \u00f6ffentlichen Dokuments, das von einer ausl\u00e4ndischen Beh\u00f6rde ausgestellt wurde, damit es auch in Italien rechtsg\u00fcltig ist.<\/span><\/p>\n[\/vc_column_text][vc_empty_space]<a href=\"https:\/\/www.heydecker.it\/de\/dienstleistungen-und-wirtschaftszweige\/legalisierung\/\" target=\"_self\" class=\"qbutton  tiny\" style=\"background-color: #00c0a3; border: 1px solid #752196; \">Erfahren Sie mehr<i class=\"fa fa-angle-right fa-lg\" style=\"\"><\/i><\/a>[vc_empty_space][\/vc_column_inner][\/vc_row_inner][\/vc_column][\/vc_row][vc_row row_type=&#8220;section&#8220; type=&#8220;full_width&#8220; text_align=&#8220;center&#8220; video=&#8220;&#8220; background_color=&#8220;#ffffff&#8220; padding_top=&#8220;45&#8243; padding_bottom=&#8220;45&#8243; css=&#8220;.vc_custom_1733387821087{background-color: #ffffff !important;}&#8220;][vc_column parallax=&#8220;content-moving&#8220; parallax_image=&#8220;9407&#8243; css=&#8220;.vc_custom_1733482327845{background-image: url(https:\/\/www.heydecker.it\/wp-content\/uploads\/2024\/12\/Senza-nome.png?id=9407) !important;}&#8220;]<span class=\"custom_font_holder\" style=\"font-family: Open Sans; font-size: 24px; line-height: 26px; font-style: normal; font-weight: 300; text-decoration: none; text-align: center;\">\n<h3><span style=\"color: #ffffff;\">F\u00fcr Kostenvoranschl\u00e4ge oder Informationsanfragen z\u00f6gern Sie nicht, uns zu kontaktieren!<\/span><\/h3>\n<\/span>[vc_separator type=&#8220;transparent&#8220; down=&#8220;15&#8243;]<a href=\"https:\/\/www.heydecker.it\/de\/kontakte\/\" target=\"_self\" class=\"qbutton  center\" style=\"background-color: #00c0a3; border: 1px solid #752196; \">Kontaktiere uns<i class=\"fa fa-envelope fa-lg\" style=\"color: #ffffff;\"><\/i><\/a>[vc_empty_space][\/vc_column][\/vc_row][vc_row row_type=&#8220;row&#8220; text_align=&#8220;left&#8220; css_animation=&#8220;&#8220;][vc_column][vc_empty_space][\/vc_column][\/vc_row]\n","protected":false},"excerpt":{"rendered":"<p>[vc_row row_type=&#8220;section&#8220; type=&#8220;grid&#8220; text_align=&#8220;left&#8220; video=&#8220;&#8220; background_color=&#8220;#ffffff&#8220; padding_top=&#8220;60&#8243;][vc_column][vc_empty_space height=&#8220;30px&#8220;][vc_row_inner row_type=&#8220;row&#8220; text_align=&#8220;left&#8220; css_animation=&#8220;&#8220;][vc_column_inner width=&#8220;1\/3&#8243; css=&#8220;.vc_custom_1741254811548{padding-right: 10px !important;}&#8220;][vc_single_image image=&#8220;9432&#8243; img_size=&#8220;100&#215;100&#8243; alignment=&#8220;center&#8220; onclick=&#8220;custom_link&#8220; css=&#8220;.vc_custom_1740730744939{border-top-width: 1px&#8230;<\/p>\n","protected":false},"author":1,"featured_media":0,"parent":0,"menu_order":0,"comment_status":"open","ping_status":"closed","template":"full_width.php","meta":{"footnotes":""},"_links":{"self":[{"href":"https:\/\/www.heydecker.it\/de\/wp-json\/wp\/v2\/pages\/10049"}],"collection":[{"href":"https:\/\/www.heydecker.it\/de\/wp-json\/wp\/v2\/pages"}],"about":[{"href":"https:\/\/www.heydecker.it\/de\/wp-json\/wp\/v2\/types\/page"}],"author":[{"embeddable":true,"href":"https:\/\/www.heydecker.it\/de\/wp-json\/wp\/v2\/users\/1"}],"replies":[{"embeddable":true,"href":"https:\/\/www.heydecker.it\/de\/wp-json\/wp\/v2\/comments?post=10049"}],"version-history":[{"count":30,"href":"https:\/\/www.heydecker.it\/de\/wp-json\/wp\/v2\/pages\/10049\/revisions"}],"predecessor-version":[{"id":10295,"href":"https:\/\/www.heydecker.it\/de\/wp-json\/wp\/v2\/pages\/10049\/revisions\/10295"}],"wp:attachment":[{"href":"https:\/\/www.heydecker.it\/de\/wp-json\/wp\/v2\/media?parent=10049"}],"curies":[{"name":"wp","href":"https:\/\/api.w.org\/{rel}","templated":true}]}}